{"id":11001,"date":"2025-04-16T17:12:10","date_gmt":"2025-04-16T15:12:10","guid":{"rendered":"https:\/\/residenzen.osulzer.at\/contact-2\/"},"modified":"2025-12-17T09:09:30","modified_gmt":"2025-12-17T08:09:30","slug":"contact-2","status":"publish","type":"page","link":"https:\/\/www.event-residenzen.at\/en\/villa-schoenthaler\/contact-2\/","title":{"rendered":"Contact"},"content":{"rendered":"\t\t<div data-elementor-type=\"wp-page\" data-elementor-id=\"11001\" class=\"elementor elementor-11001 elementor-6572\" data-elementor-post-type=\"page\">\n\t\t\t\t<div class=\"elementor-element elementor-element-188e29d9 e-flex e-con-boxed e-con e-parent\" data-id=\"188e29d9\" data-element_type=\"container\" data-e-type=\"container\" id=\"content\" data-settings=\"{&quot;background_background&quot;:&quot;classic&quot;}\">\n\t\t\t\t\t<div class=\"e-con-inner\">\n\t\t\t\t<div class=\"elementor-element elementor-element-574ce0ae elementor-hidden-tablet elementor-hidden-mobile elementor-widget elementor-widget-image\" data-id=\"574ce0ae\" data-element_type=\"widget\" data-e-type=\"widget\" data-widget_type=\"image.default\">\n\t\t\t\t<div class=\"elementor-widget-container\">\n\t\t\t\t\t\t\t\t\t\t\t\t\t\t\t<img fetchpriority=\"high\" decoding=\"async\" width=\"500\" height=\"146\" src=\"https:\/\/www.event-residenzen.at\/wp-content\/uploads\/2024\/07\/event_residenzen_logo_500px.png\" class=\"attachment-large size-large wp-image-9957\" alt=\"Event Residenzen Nieder\u00f6sterreich Logo\" srcset=\"https:\/\/www.event-residenzen.at\/wp-content\/uploads\/2024\/07\/event_residenzen_logo_500px.png 500w, https:\/\/www.event-residenzen.at\/wp-content\/uploads\/2024\/07\/event_residenzen_logo_500px-300x88.png 300w\" sizes=\"(max-width: 500px) 100vw, 500px\" \/>\t\t\t\t\t\t\t\t\t\t\t\t\t\t\t<\/div>\n\t\t\t\t<\/div>\n\t\t\t\t\t<\/div>\n\t\t\t\t<\/div>\n\t\t<div class=\"elementor-element elementor-element-18c1f0c1 e-flex e-con-boxed e-con e-parent\" data-id=\"18c1f0c1\" data-element_type=\"container\" data-e-type=\"container\">\n\t\t\t\t\t<div class=\"e-con-inner\">\n\t\t<div class=\"elementor-element elementor-element-62cb7856 e-con-full e-flex e-con e-child\" data-id=\"62cb7856\" data-element_type=\"container\" data-e-type=\"container\">\n\t\t<div class=\"elementor-element elementor-element-eedbd57 e-con-full e-flex e-con e-child\" data-id=\"eedbd57\" data-element_type=\"container\" data-e-type=\"container\" data-settings=\"{&quot;background_background&quot;:&quot;classic&quot;}\">\n\t\t\t\t<div class=\"elementor-element elementor-element-48c2d501 elementor-widget elementor-widget-heading\" data-id=\"48c2d501\" data-element_type=\"widget\" data-e-type=\"widget\" tabindex=\"0\" data-widget_type=\"heading.default\">\n\t\t\t\t<div class=\"elementor-widget-container\">\n\t\t\t\t\t<h1 class=\"elementor-heading-title elementor-size-default\">Villa Sch\u00f6nthaler<\/h1>\t\t\t\t<\/div>\n\t\t\t\t<\/div>\n\t\t\t\t<div class=\"elementor-element elementor-element-58f38f73 elementor-widget elementor-widget-text-editor\" data-id=\"58f38f73\" data-element_type=\"widget\" data-e-type=\"widget\" tabindex=\"0\" data-widget_type=\"text-editor.default\">\n\t\t\t\t<div class=\"elementor-widget-container\">\n\t\t\t\t\t\t\t\t\t<p>Maxi B\u00f6hm Stra\u00dfe 1, 2680 Semmering, Austria<br><a href=\"tel:004319076299\" data-wahfont=\"18\">+43 1 907 6299<\/a><br><a href=\"mailto:office@event-residenzen.at\">office@event-residenzen.at<\/a><\/p>\t\t\t\t\t\t\t\t<\/div>\n\t\t\t\t<\/div>\n\t\t\t\t<\/div>\n\t\t<div class=\"elementor-element elementor-element-083e278 e-con-full e-flex e-con e-child\" data-id=\"083e278\" data-element_type=\"container\" data-e-type=\"container\" data-settings=\"{&quot;background_background&quot;:&quot;classic&quot;}\">\n\t\t\t\t<div class=\"elementor-element elementor-element-cac700b elementor-widget elementor-widget-heading\" data-id=\"cac700b\" data-element_type=\"widget\" data-e-type=\"widget\" tabindex=\"0\" data-widget_type=\"heading.default\">\n\t\t\t\t<div class=\"elementor-widget-container\">\n\t\t\t\t\t<h2 class=\"elementor-heading-title elementor-size-default\">Our office hours<\/h2>\t\t\t\t<\/div>\n\t\t\t\t<\/div>\n\t\t\t\t<div class=\"elementor-element elementor-element-6d02fd5 text-white elementor-widget elementor-widget-text-editor\" data-id=\"6d02fd5\" data-element_type=\"widget\" data-e-type=\"widget\" tabindex=\"0\" data-widget_type=\"text-editor.default\">\n\t\t\t\t<div class=\"elementor-widget-container\">\n\t\t\t\t\t\t\t\t\tMonday\u2013Friday (on working days): 8:00 am\u20136:00 pm<br>\n\nIf you would like to view the venue, we kindly ask that you make an appointment beforehand.<br><br>\nholiday closure<br>\n20.12.2025 &#8211; 06.01.2026\t\t\t\t\t\t\t\t<\/div>\n\t\t\t\t<\/div>\n\t\t\t\t<\/div>\n\t\t\t\t<\/div>\n\t\t\t\t\t<\/div>\n\t\t\t\t<\/div>\n\t\t<div class=\"elementor-element elementor-element-0439766 e-flex e-con-boxed e-con e-parent\" data-id=\"0439766\" data-element_type=\"container\" data-e-type=\"container\">\n\t\t\t\t\t<div class=\"e-con-inner\">\n\t\t\t\t<div class=\"elementor-element elementor-element-4750688 elementor-widget__width-initial elementor-widget elementor-widget-heading\" data-id=\"4750688\" data-element_type=\"widget\" data-e-type=\"widget\" tabindex=\"0\" data-widget_type=\"heading.default\">\n\t\t\t\t<div class=\"elementor-widget-container\">\n\t\t\t\t\t<h2 class=\"elementor-heading-title elementor-size-default\">Our team<\/h2>\t\t\t\t<\/div>\n\t\t\t\t<\/div>\n\t\t\t\t\t<\/div>\n\t\t\t\t<\/div>\n\t\t<div class=\"elementor-element elementor-element-a8f4866 e-grid e-con-boxed e-con e-parent\" data-id=\"a8f4866\" data-element_type=\"container\" data-e-type=\"container\">\n\t\t\t\t\t<div class=\"e-con-inner\">\n\t\t<div class=\"elementor-element elementor-element-81728ff e-con-full e-flex e-con e-child\" data-id=\"81728ff\" data-element_type=\"container\" data-e-type=\"container\">\n\t\t\t\t<div class=\"elementor-element elementor-element-75a6f5b elementor-widget elementor-widget-image\" data-id=\"75a6f5b\" data-element_type=\"widget\" data-e-type=\"widget\" data-widget_type=\"image.default\">\n\t\t\t\t<div class=\"elementor-widget-container\">\n\t\t\t\t\t\t\t\t\t\t\t\t\t\t\t<img decoding=\"async\" width=\"500\" height=\"500\" src=\"https:\/\/www.event-residenzen.at\/wp-content\/uploads\/2025\/06\/birgit_hackenauer_rot_500x500px.jpg\" class=\"attachment-large size-large wp-image-10420\" alt=\"Birgit Hackenauer\" srcset=\"https:\/\/www.event-residenzen.at\/wp-content\/uploads\/2025\/06\/birgit_hackenauer_rot_500x500px.jpg 500w, https:\/\/www.event-residenzen.at\/wp-content\/uploads\/2025\/06\/birgit_hackenauer_rot_500x500px-300x300.jpg 300w, https:\/\/www.event-residenzen.at\/wp-content\/uploads\/2025\/06\/birgit_hackenauer_rot_500x500px-150x150.jpg 150w\" sizes=\"(max-width: 500px) 100vw, 500px\" \/>\t\t\t\t\t\t\t\t\t\t\t\t\t\t\t<\/div>\n\t\t\t\t<\/div>\n\t\t\t\t<div class=\"elementor-element elementor-element-a5a518d elementor-widget elementor-widget-text-editor\" data-id=\"a5a518d\" data-element_type=\"widget\" data-e-type=\"widget\" data-widget_type=\"text-editor.default\">\n\t\t\t\t<div class=\"elementor-widget-container\">\n\t\t\t\t\t\t\t\t\t<p class=\"p1\" style=\"text-align: center;\"><strong>Birgit<\/strong> <strong>Hackenauer<\/strong><br>Management<\/p><p style=\"text-align: center;\" data-wahfont=\"18\"><a href=\"tel:00431907629911825\" data-wahfont=\"18\">+43 1 907 6299 11825<\/a><br><a href=\"mailto:birgit.hackenauer@event-residenzen.at\">birgit.hackenauer@event-residenzen.at<\/a><\/p>\t\t\t\t\t\t\t\t<\/div>\n\t\t\t\t<\/div>\n\t\t\t\t<\/div>\n\t\t<div class=\"elementor-element elementor-element-da7421b e-con-full e-flex e-con e-child\" data-id=\"da7421b\" data-element_type=\"container\" data-e-type=\"container\">\n\t\t\t\t<div class=\"elementor-element elementor-element-b4ce49b elementor-widget elementor-widget-image\" data-id=\"b4ce49b\" data-element_type=\"widget\" data-e-type=\"widget\" data-widget_type=\"image.default\">\n\t\t\t\t<div class=\"elementor-widget-container\">\n\t\t\t\t\t\t\t\t\t\t\t\t\t\t\t<img decoding=\"async\" width=\"500\" height=\"500\" src=\"https:\/\/www.event-residenzen.at\/wp-content\/uploads\/2025\/04\/oliver_poetz_500x500px.jpg\" class=\"attachment-large size-large wp-image-10184\" alt=\"Oliver P\u00f6tz\" srcset=\"https:\/\/www.event-residenzen.at\/wp-content\/uploads\/2025\/04\/oliver_poetz_500x500px.jpg 500w, https:\/\/www.event-residenzen.at\/wp-content\/uploads\/2025\/04\/oliver_poetz_500x500px-300x300.jpg 300w, https:\/\/www.event-residenzen.at\/wp-content\/uploads\/2025\/04\/oliver_poetz_500x500px-150x150.jpg 150w\" sizes=\"(max-width: 500px) 100vw, 500px\" \/>\t\t\t\t\t\t\t\t\t\t\t\t\t\t\t<\/div>\n\t\t\t\t<\/div>\n\t\t\t\t<div class=\"elementor-element elementor-element-f74fc84 elementor-widget elementor-widget-text-editor\" data-id=\"f74fc84\" data-element_type=\"widget\" data-e-type=\"widget\" data-widget_type=\"text-editor.default\">\n\t\t\t\t<div class=\"elementor-widget-container\">\n\t\t\t\t\t\t\t\t\t<p style=\"text-align: center;\"><b>Oliver P\u00f6tz<br><\/b>Social Media &amp; Event Manager<\/p><p style=\"text-align: center;\"><a href=\"tel:00431907629911829\" data-wahfont=\"18\">+43 1 907 6299 11829<\/a><br><a href=\"mailto:oliver.poetz@event-residenzen.at\" data-wahfont=\"18\">oliver.poetz@event-residenzen.at<\/a><\/p><p> <\/p>\t\t\t\t\t\t\t\t<\/div>\n\t\t\t\t<\/div>\n\t\t\t\t<\/div>\n\t\t<div class=\"elementor-element elementor-element-6200312 e-con-full e-flex e-con e-child\" data-id=\"6200312\" data-element_type=\"container\" data-e-type=\"container\">\n\t\t\t\t<div class=\"elementor-element elementor-element-558d837 elementor-widget elementor-widget-image\" data-id=\"558d837\" data-element_type=\"widget\" data-e-type=\"widget\" data-widget_type=\"image.default\">\n\t\t\t\t<div class=\"elementor-widget-container\">\n\t\t\t\t\t\t\t\t\t\t\t\t\t\t\t<img loading=\"lazy\" decoding=\"async\" width=\"500\" height=\"500\" src=\"https:\/\/www.event-residenzen.at\/wp-content\/uploads\/2025\/04\/andreas_eichberger_500x500px.jpg\" class=\"attachment-large size-large wp-image-10181\" alt=\"Andreas Eichberger\" srcset=\"https:\/\/www.event-residenzen.at\/wp-content\/uploads\/2025\/04\/andreas_eichberger_500x500px.jpg 500w, https:\/\/www.event-residenzen.at\/wp-content\/uploads\/2025\/04\/andreas_eichberger_500x500px-300x300.jpg 300w, https:\/\/www.event-residenzen.at\/wp-content\/uploads\/2025\/04\/andreas_eichberger_500x500px-150x150.jpg 150w\" sizes=\"(max-width: 500px) 100vw, 500px\" \/>\t\t\t\t\t\t\t\t\t\t\t\t\t\t\t<\/div>\n\t\t\t\t<\/div>\n\t\t\t\t<div class=\"elementor-element elementor-element-ff9522e elementor-widget elementor-widget-text-editor\" data-id=\"ff9522e\" data-element_type=\"widget\" data-e-type=\"widget\" data-widget_type=\"text-editor.default\">\n\t\t\t\t<div class=\"elementor-widget-container\">\n\t\t\t\t\t\t\t\t\t<p style=\"text-align: center;\" data-wahfont=\"18\"><strong>Andreas Eichberger<\/strong><br>Event Technician<\/p><p style=\"text-align: center;\" data-wahfont=\"18\"><a href=\"mailto:technik@event-residenzen.at\">technik@event-residenzen.at<\/a><\/p>\t\t\t\t\t\t\t\t<\/div>\n\t\t\t\t<\/div>\n\t\t\t\t<\/div>\n\t\t\t\t\t<\/div>\n\t\t\t\t<\/div>\n\t\t<div class=\"elementor-element elementor-element-650c8b3 e-flex e-con-boxed e-con e-parent\" data-id=\"650c8b3\" data-element_type=\"container\" data-e-type=\"container\">\n\t\t\t\t\t<div class=\"e-con-inner\">\n\t\t\t\t<div class=\"elementor-element elementor-element-f161bc6 elementor-widget__width-initial elementor-widget elementor-widget-heading\" data-id=\"f161bc6\" data-element_type=\"widget\" data-e-type=\"widget\" tabindex=\"0\" data-widget_type=\"heading.default\">\n\t\t\t\t<div class=\"elementor-widget-container\">\n\t\t\t\t\t<h2 class=\"elementor-heading-title elementor-size-default\">Directions<\/h2>\t\t\t\t<\/div>\n\t\t\t\t<\/div>\n\t\t\t\t<div class=\"elementor-element elementor-element-3f47f3b elementor-widget elementor-widget-text-editor\" data-id=\"3f47f3b\" data-element_type=\"widget\" data-e-type=\"widget\" tabindex=\"0\" data-widget_type=\"text-editor.default\">\n\t\t\t\t<div class=\"elementor-widget-container\">\n\t\t\t\t\t\t\t\t\t<div class=\"wpb_text_column wpb_content_element \"><div class=\"wpb_wrapper\"><p style=\"text-align: center;\" data-wahfont=\"18\">You can also reach Villa Sch\u00f6nthaler easily by rail from Vienna Central Station. The travelling time to Semmering train station is about an hour. From there, it is an easy ten-minute walk to Villa Sch\u00f6nthaler.  <\/p><\/div><\/div>\t\t\t\t\t\t\t\t<\/div>\n\t\t\t\t<\/div>\n\t\t\t\t<div class=\"elementor-element elementor-element-3190eac elementor-widget elementor-widget-html\" data-id=\"3190eac\" data-element_type=\"widget\" data-e-type=\"widget\" data-widget_type=\"html.default\">\n\t\t\t\t<div class=\"elementor-widget-container\">\n\t\t\t\t\t<iframe src=\"https:\/\/www.google.com\/maps\/embed?pb=!1m18!1m12!1m3!1d2687.951372808878!2d15.824702515631865!3d47.6465117791873!2m3!1f0!2f0!3f0!3m2!1i1024!2i768!4f13.1!3m3!1m2!1s0x476ddf28c7593e71%3A0xc8250f403fcaa268!2sVilla%20Sch%C3%B6nthaler!5e0!3m2!1sde!2sat!4v1660117108569!5m2!1sde!2sat\" width=\"600\" height=\"450\" style=\"border:0;\" allowfullscreen=\"\" loading=\"lazy\" referrerpolicy=\"no-referrer-when-downgrade\"><\/iframe>\t\t\t\t<\/div>\n\t\t\t\t<\/div>\n\t\t\t\t\t<\/div>\n\t\t\t\t<\/div>\n\t\t<div class=\"elementor-element elementor-element-1da9aa08 e-flex e-con-boxed e-con e-parent\" data-id=\"1da9aa08\" data-element_type=\"container\" data-e-type=\"container\">\n\t\t\t\t\t<div class=\"e-con-inner\">\n\t\t\t\t<div class=\"elementor-element elementor-element-5316fd9b hashtag elementor-widget elementor-widget-text-editor\" data-id=\"5316fd9b\" data-element_type=\"widget\" data-e-type=\"widget\" tabindex=\"0\" data-widget_type=\"text-editor.default\">\n\t\t\t\t<div class=\"elementor-widget-container\">\n\t\t\t\t\t\t\t\t\t<p class=\"p1\" style=\"text-align: center;\"><a href=\"https:\/\/www.instagram.com\/villaschoenthaler\/\" target=\"_blank\" rel=\"noopener\"><span class=\"s1\">#villaschoenthaler<\/span><\/a><\/p>\t\t\t\t\t\t\t\t<\/div>\n\t\t\t\t<\/div>\n\t\t\t\t<div class=\"elementor-element elementor-element-56c762ee elementor-widget elementor-widget-text-editor\" data-id=\"56c762ee\" data-element_type=\"widget\" data-e-type=\"widget\" tabindex=\"0\" data-widget_type=\"text-editor.default\">\n\t\t\t\t<div class=\"elementor-widget-container\">\n\t\t\t\t\t\t\t\t\t<p style=\"text-align: center;\">Celebrate life\u2019s special moments at our residences \u2013 and share them with the people who matter most.<\/p>\t\t\t\t\t\t\t\t<\/div>\n\t\t\t\t<\/div>\n\t\t\t\t\t<\/div>\n\t\t\t\t<\/div>\n\t\t\t\t<\/div>\n\t\t","protected":false},"excerpt":{"rendered":"<p>Villa Sch\u00f6nthaler Maxi B\u00f6hm Stra\u00dfe 1, 2680 Semmering, Austria+43 1 907 6299office@event-residenzen.at Our office hours Monday\u2013Friday (on working days): 8:00 am\u20136:00 pm If you would like to view the venue, we kindly ask that you make an appointment beforehand. holiday closure 20.12.2025 &#8211; 06.01.2026 Our team Birgit HackenauerManagement +43 1 907 6299 11825birgit.hackenauer@event-residenzen.at Oliver P\u00f6tzSocial [&hellip;]<\/p>\n","protected":false},"author":1,"featured_media":0,"parent":11199,"menu_order":0,"comment_status":"closed","ping_status":"closed","template":"","meta":{"content-type":"","footnotes":""},"class_list":["post-11001","page","type-page","status-publish","hentry"],"yoast_head":"<!-- This site is optimized with the Yoast SEO plugin v27.3 - https:\/\/yoast.com\/product\/yoast-seo-wordpress\/ -->\n<title>Contact | Villa Sch\u00f6nthaler<\/title>\n<meta name=\"description\" content=\"The Villa Sch\u00f6nthaler is located at Maxi B\u00f6hm Stra\u00dfe 1, in 2680 Semmering. Tel: +43 1 907 6299, office@event-residenzen.at.\" \/>\n<meta name=\"robots\" content=\"index, follow, max-snippet:-1, max-image-preview:large, max-video-preview:-1\" \/>\n<link rel=\"canonical\" href=\"https:\/\/www.event-residenzen.at\/en\/villa-schoenthaler\/contact-2\/\" \/>\n<meta property=\"og:locale\" content=\"en_US\" \/>\n<meta property=\"og:type\" content=\"article\" \/>\n<meta property=\"og:title\" content=\"Contact | Villa Sch\u00f6nthaler\" \/>\n<meta property=\"og:description\" content=\"The Villa Sch\u00f6nthaler is located at Maxi B\u00f6hm Stra\u00dfe 1, in 2680 Semmering. Tel: +43 1 907 6299, office@event-residenzen.at.\" \/>\n<meta property=\"og:url\" content=\"https:\/\/www.event-residenzen.at\/en\/villa-schoenthaler\/contact-2\/\" \/>\n<meta property=\"og:site_name\" content=\"Event Residenzen Nieder\u00f6sterreich\" \/>\n<meta property=\"article:modified_time\" content=\"2025-12-17T08:09:30+00:00\" \/>\n<meta property=\"og:image\" content=\"https:\/\/www.event-residenzen.at\/wp-content\/uploads\/2024\/07\/event_residenzen_logo_500px.png\" \/>\n\t<meta property=\"og:image:width\" content=\"500\" \/>\n\t<meta property=\"og:image:height\" content=\"146\" \/>\n\t<meta property=\"og:image:type\" content=\"image\/png\" \/>\n<meta name=\"twitter:card\" content=\"summary_large_image\" \/>\n<meta name=\"twitter:label1\" content=\"Est. reading time\" \/>\n\t<meta name=\"twitter:data1\" content=\"2 minutes\" \/>\n<script type=\"application\/ld+json\" class=\"yoast-schema-graph\">{\"@context\":\"https:\\\/\\\/schema.org\",\"@graph\":[{\"@type\":\"WebPage\",\"@id\":\"https:\\\/\\\/www.event-residenzen.at\\\/en\\\/villa-schoenthaler\\\/contact-2\\\/\",\"url\":\"https:\\\/\\\/www.event-residenzen.at\\\/en\\\/villa-schoenthaler\\\/contact-2\\\/\",\"name\":\"Contact | Villa Sch\u00f6nthaler\",\"isPartOf\":{\"@id\":\"https:\\\/\\\/www.event-residenzen.at\\\/en\\\/#website\"},\"primaryImageOfPage\":{\"@id\":\"https:\\\/\\\/www.event-residenzen.at\\\/en\\\/villa-schoenthaler\\\/contact-2\\\/#primaryimage\"},\"image\":{\"@id\":\"https:\\\/\\\/www.event-residenzen.at\\\/en\\\/villa-schoenthaler\\\/contact-2\\\/#primaryimage\"},\"thumbnailUrl\":\"https:\\\/\\\/www.event-residenzen.at\\\/wp-content\\\/uploads\\\/2024\\\/07\\\/event_residenzen_logo_500px.png\",\"datePublished\":\"2025-04-16T15:12:10+00:00\",\"dateModified\":\"2025-12-17T08:09:30+00:00\",\"description\":\"The Villa Sch\u00f6nthaler is located at Maxi B\u00f6hm Stra\u00dfe 1, in 2680 Semmering. Tel: +43 1 907 6299, office@event-residenzen.at.\",\"breadcrumb\":{\"@id\":\"https:\\\/\\\/www.event-residenzen.at\\\/en\\\/villa-schoenthaler\\\/contact-2\\\/#breadcrumb\"},\"inLanguage\":\"en-US\",\"potentialAction\":[{\"@type\":\"ReadAction\",\"target\":[\"https:\\\/\\\/www.event-residenzen.at\\\/en\\\/villa-schoenthaler\\\/contact-2\\\/\"]}]},{\"@type\":\"ImageObject\",\"inLanguage\":\"en-US\",\"@id\":\"https:\\\/\\\/www.event-residenzen.at\\\/en\\\/villa-schoenthaler\\\/contact-2\\\/#primaryimage\",\"url\":\"https:\\\/\\\/www.event-residenzen.at\\\/wp-content\\\/uploads\\\/2024\\\/07\\\/event_residenzen_logo_500px.png\",\"contentUrl\":\"https:\\\/\\\/www.event-residenzen.at\\\/wp-content\\\/uploads\\\/2024\\\/07\\\/event_residenzen_logo_500px.png\"},{\"@type\":\"BreadcrumbList\",\"@id\":\"https:\\\/\\\/www.event-residenzen.at\\\/en\\\/villa-schoenthaler\\\/contact-2\\\/#breadcrumb\",\"itemListElement\":[{\"@type\":\"ListItem\",\"position\":1,\"name\":\"Startseite\",\"item\":\"https:\\\/\\\/www.event-residenzen.at\\\/en\\\/\"},{\"@type\":\"ListItem\",\"position\":2,\"name\":\"Villa Sch\u00f6nthaler\",\"item\":\"https:\\\/\\\/www.event-residenzen.at\\\/en\\\/villa-schoenthaler\\\/\"},{\"@type\":\"ListItem\",\"position\":3,\"name\":\"Contact\"}]},{\"@type\":\"WebSite\",\"@id\":\"https:\\\/\\\/www.event-residenzen.at\\\/en\\\/#website\",\"url\":\"https:\\\/\\\/www.event-residenzen.at\\\/en\\\/\",\"name\":\"Event Residenzen Nieder\u00f6sterreich\",\"description\":\"Historische Eventlocation in Wien und Nieder\u00f6sterreich\",\"publisher\":{\"@id\":\"https:\\\/\\\/www.event-residenzen.at\\\/en\\\/#organization\"},\"potentialAction\":[{\"@type\":\"SearchAction\",\"target\":{\"@type\":\"EntryPoint\",\"urlTemplate\":\"https:\\\/\\\/www.event-residenzen.at\\\/en\\\/?s={search_term_string}\"},\"query-input\":{\"@type\":\"PropertyValueSpecification\",\"valueRequired\":true,\"valueName\":\"search_term_string\"}}],\"inLanguage\":\"en-US\"},{\"@type\":\"Organization\",\"@id\":\"https:\\\/\\\/www.event-residenzen.at\\\/en\\\/#organization\",\"name\":\"Event Residenzen Nieder\u00f6sterreich\",\"url\":\"https:\\\/\\\/www.event-residenzen.at\\\/en\\\/\",\"logo\":{\"@type\":\"ImageObject\",\"inLanguage\":\"en-US\",\"@id\":\"https:\\\/\\\/www.event-residenzen.at\\\/en\\\/#\\\/schema\\\/logo\\\/image\\\/\",\"url\":\"https:\\\/\\\/www.event-residenzen.at\\\/wp-content\\\/uploads\\\/2024\\\/07\\\/event_residenzen_logo_500px.png\",\"contentUrl\":\"https:\\\/\\\/www.event-residenzen.at\\\/wp-content\\\/uploads\\\/2024\\\/07\\\/event_residenzen_logo_500px.png\",\"width\":500,\"height\":146,\"caption\":\"Event Residenzen Nieder\u00f6sterreich\"},\"image\":{\"@id\":\"https:\\\/\\\/www.event-residenzen.at\\\/en\\\/#\\\/schema\\\/logo\\\/image\\\/\"}}]}<\/script>\n<!-- \/ Yoast SEO plugin. -->","yoast_head_json":{"title":"Contact | Villa Sch\u00f6nthaler","description":"The Villa Sch\u00f6nthaler is located at Maxi B\u00f6hm Stra\u00dfe 1, in 2680 Semmering. Tel: +43 1 907 6299, office@event-residenzen.at.","robots":{"index":"index","follow":"follow","max-snippet":"max-snippet:-1","max-image-preview":"max-image-preview:large","max-video-preview":"max-video-preview:-1"},"canonical":"https:\/\/www.event-residenzen.at\/en\/villa-schoenthaler\/contact-2\/","og_locale":"en_US","og_type":"article","og_title":"Contact | Villa Sch\u00f6nthaler","og_description":"The Villa Sch\u00f6nthaler is located at Maxi B\u00f6hm Stra\u00dfe 1, in 2680 Semmering. Tel: +43 1 907 6299, office@event-residenzen.at.","og_url":"https:\/\/www.event-residenzen.at\/en\/villa-schoenthaler\/contact-2\/","og_site_name":"Event Residenzen Nieder\u00f6sterreich","article_modified_time":"2025-12-17T08:09:30+00:00","og_image":[{"width":500,"height":146,"url":"https:\/\/www.event-residenzen.at\/wp-content\/uploads\/2024\/07\/event_residenzen_logo_500px.png","type":"image\/png"}],"twitter_card":"summary_large_image","twitter_misc":{"Est. reading time":"2 minutes"},"schema":{"@context":"https:\/\/schema.org","@graph":[{"@type":"WebPage","@id":"https:\/\/www.event-residenzen.at\/en\/villa-schoenthaler\/contact-2\/","url":"https:\/\/www.event-residenzen.at\/en\/villa-schoenthaler\/contact-2\/","name":"Contact | Villa Sch\u00f6nthaler","isPartOf":{"@id":"https:\/\/www.event-residenzen.at\/en\/#website"},"primaryImageOfPage":{"@id":"https:\/\/www.event-residenzen.at\/en\/villa-schoenthaler\/contact-2\/#primaryimage"},"image":{"@id":"https:\/\/www.event-residenzen.at\/en\/villa-schoenthaler\/contact-2\/#primaryimage"},"thumbnailUrl":"https:\/\/www.event-residenzen.at\/wp-content\/uploads\/2024\/07\/event_residenzen_logo_500px.png","datePublished":"2025-04-16T15:12:10+00:00","dateModified":"2025-12-17T08:09:30+00:00","description":"The Villa Sch\u00f6nthaler is located at Maxi B\u00f6hm Stra\u00dfe 1, in 2680 Semmering. Tel: +43 1 907 6299, office@event-residenzen.at.","breadcrumb":{"@id":"https:\/\/www.event-residenzen.at\/en\/villa-schoenthaler\/contact-2\/#breadcrumb"},"inLanguage":"en-US","potentialAction":[{"@type":"ReadAction","target":["https:\/\/www.event-residenzen.at\/en\/villa-schoenthaler\/contact-2\/"]}]},{"@type":"ImageObject","inLanguage":"en-US","@id":"https:\/\/www.event-residenzen.at\/en\/villa-schoenthaler\/contact-2\/#primaryimage","url":"https:\/\/www.event-residenzen.at\/wp-content\/uploads\/2024\/07\/event_residenzen_logo_500px.png","contentUrl":"https:\/\/www.event-residenzen.at\/wp-content\/uploads\/2024\/07\/event_residenzen_logo_500px.png"},{"@type":"BreadcrumbList","@id":"https:\/\/www.event-residenzen.at\/en\/villa-schoenthaler\/contact-2\/#breadcrumb","itemListElement":[{"@type":"ListItem","position":1,"name":"Startseite","item":"https:\/\/www.event-residenzen.at\/en\/"},{"@type":"ListItem","position":2,"name":"Villa Sch\u00f6nthaler","item":"https:\/\/www.event-residenzen.at\/en\/villa-schoenthaler\/"},{"@type":"ListItem","position":3,"name":"Contact"}]},{"@type":"WebSite","@id":"https:\/\/www.event-residenzen.at\/en\/#website","url":"https:\/\/www.event-residenzen.at\/en\/","name":"Event Residenzen Nieder\u00f6sterreich","description":"Historische Eventlocation in Wien und Nieder\u00f6sterreich","publisher":{"@id":"https:\/\/www.event-residenzen.at\/en\/#organization"},"potentialAction":[{"@type":"SearchAction","target":{"@type":"EntryPoint","urlTemplate":"https:\/\/www.event-residenzen.at\/en\/?s={search_term_string}"},"query-input":{"@type":"PropertyValueSpecification","valueRequired":true,"valueName":"search_term_string"}}],"inLanguage":"en-US"},{"@type":"Organization","@id":"https:\/\/www.event-residenzen.at\/en\/#organization","name":"Event Residenzen Nieder\u00f6sterreich","url":"https:\/\/www.event-residenzen.at\/en\/","logo":{"@type":"ImageObject","inLanguage":"en-US","@id":"https:\/\/www.event-residenzen.at\/en\/#\/schema\/logo\/image\/","url":"https:\/\/www.event-residenzen.at\/wp-content\/uploads\/2024\/07\/event_residenzen_logo_500px.png","contentUrl":"https:\/\/www.event-residenzen.at\/wp-content\/uploads\/2024\/07\/event_residenzen_logo_500px.png","width":500,"height":146,"caption":"Event Residenzen Nieder\u00f6sterreich"},"image":{"@id":"https:\/\/www.event-residenzen.at\/en\/#\/schema\/logo\/image\/"}}]}},"_links":{"self":[{"href":"https:\/\/www.event-residenzen.at\/en\/wp-json\/wp\/v2\/pages\/11001","targetHints":{"allow":["GET"]}}],"collection":[{"href":"https:\/\/www.event-residenzen.at\/en\/wp-json\/wp\/v2\/pages"}],"about":[{"href":"https:\/\/www.event-residenzen.at\/en\/wp-json\/wp\/v2\/types\/page"}],"author":[{"embeddable":true,"href":"https:\/\/www.event-residenzen.at\/en\/wp-json\/wp\/v2\/users\/1"}],"replies":[{"embeddable":true,"href":"https:\/\/www.event-residenzen.at\/en\/wp-json\/wp\/v2\/comments?post=11001"}],"version-history":[{"count":6,"href":"https:\/\/www.event-residenzen.at\/en\/wp-json\/wp\/v2\/pages\/11001\/revisions"}],"predecessor-version":[{"id":12013,"href":"https:\/\/www.event-residenzen.at\/en\/wp-json\/wp\/v2\/pages\/11001\/revisions\/12013"}],"up":[{"embeddable":true,"href":"https:\/\/www.event-residenzen.at\/en\/wp-json\/wp\/v2\/pages\/11199"}],"wp:attachment":[{"href":"https:\/\/www.event-residenzen.at\/en\/wp-json\/wp\/v2\/media?parent=11001"}],"curies":[{"name":"wp","href":"https:\/\/api.w.org\/{rel}","templated":true}]}}